{"id":4809,"date":"2022-09-26T00:46:59","date_gmt":"2022-09-25T22:46:59","guid":{"rendered":"https:\/\/pro.thiriez-literie.com\/datenschutzrichtlinie\/"},"modified":"2022-09-26T00:47:00","modified_gmt":"2022-09-25T22:47:00","slug":"datenschutzrichtlinie","status":"publish","type":"page","link":"https:\/\/pro.thiriez-literie.com\/de\/datenschutzrichtlinie\/","title":{"rendered":"Datenschutzrichtlinie"},"content":{"rendered":"\t\t<div data-elementor-type=\"wp-page\" data-elementor-id=\"4809\" class=\"elementor elementor-4809 elementor-54\" data-elementor-post-type=\"page\">\n\t\t\t\t\t\t<section data-dce-background-image-url=\"https:\/\/pro.thiriez-literie.com\/wp-content\/uploads\/2021\/10\/shutterstock_103757387.jpg\" class=\"elementor-section elementor-top-section elementor-element elementor-element-56f1ddd elementor-section-height-min-height elementor-section-boxed elementor-section-height-default elementor-section-items-middle\" data-id=\"56f1ddd\" data-element_type=\"section\" data-e-type=\"section\" data-settings=\"{&quot;background_background&quot;:&quot;classic&quot;}\">\n\t\t\t\t\t\t<div class=\"elementor-container elementor-column-gap-default\">\n\t\t\t\t\t<div class=\"elementor-column elementor-col-100 elementor-top-column elementor-element elementor-element-3615b4b\" data-id=\"3615b4b\" data-element_type=\"column\" data-e-type=\"column\">\n\t\t\t<div class=\"elementor-widget-wrap elementor-element-populated\">\n\t\t\t\t\t\t<div class=\"elementor-element elementor-element-a1caef8 elementor-widget elementor-widget-heading\" data-id=\"a1caef8\" data-element_type=\"widget\" data-e-type=\"widget\" data-widget_type=\"heading.default\">\n\t\t\t\t<div class=\"elementor-widget-container\">\n\t\t\t\t\t<h1 class=\"elementor-heading-title elementor-size-default\">Datenschutzrichtlinie<\/h1>\t\t\t\t<\/div>\n\t\t\t\t<\/div>\n\t\t\t\t<div class=\"elementor-element elementor-element-3452f14 elementor-widget-divider--view-line elementor-widget elementor-widget-divider\" data-id=\"3452f14\" data-element_type=\"widget\" data-e-type=\"widget\" data-widget_type=\"divider.default\">\n\t\t\t\t<div class=\"elementor-widget-container\">\n\t\t\t\t\t\t\t<div class=\"elementor-divider\">\n\t\t\t<span class=\"elementor-divider-separator\">\n\t\t\t\t\t\t<\/span>\n\t\t<\/div>\n\t\t\t\t\t\t<\/div>\n\t\t\t\t<\/div>\n\t\t\t\t\t<\/div>\n\t\t<\/div>\n\t\t\t\t\t<\/div>\n\t\t<\/section>\n\t\t\t\t<section class=\"elementor-section elementor-top-section elementor-element elementor-element-195c7af5 elementor-section-boxed elementor-section-height-default elementor-section-height-default\" data-id=\"195c7af5\" data-element_type=\"section\" data-e-type=\"section\">\n\t\t\t\t\t\t<div class=\"elementor-container elementor-column-gap-default\">\n\t\t\t\t\t<div class=\"elementor-column elementor-col-100 elementor-top-column elementor-element elementor-element-3151622b\" data-id=\"3151622b\" data-element_type=\"column\" data-e-type=\"column\">\n\t\t\t<div class=\"elementor-widget-wrap elementor-element-populated\">\n\t\t\t\t\t\t<div class=\"elementor-element elementor-element-7c8b6fcc elementor-widget elementor-widget-text-editor\" data-id=\"7c8b6fcc\" data-element_type=\"widget\" data-e-type=\"widget\" data-widget_type=\"text-editor.default\">\n\t\t\t\t<div class=\"elementor-widget-container\">\n\t\t\t\t\t\t\t\t\t<p><\/p>\n<h2>Impressum<\/h2>\n<p><span style=\"font-weight: 400;\">Willkommen zu unserer Datenschutzrichtlinie! Der Schutz Ihrer personenbezogenen Daten ist uns wichtig. ist eine zentrale Herausforderung. Bestimmte Daten werden an Drittdienste weitergegeben, damit wir die Benutzerfreundlichkeit unserer Website verbessern und miteinander in Kontakt bleiben k\u00f6nnen.<\/span><\/p>\n<h3><strong>Wer sind wir?<\/strong><\/h3>\n<p><span style=\"font-weight: 400;\">Sie k\u00f6nnen unser Impressum auf unserer Website einsehen<\/span>, <a href=\"http:\/\/preprod2.la-quincaillerie.fr\/legal\"><span style=\"font-weight: 400;\">indem Sie hier<\/span><\/a><span style=\"font-weight: 400;\"> klicken.<\/span><\/p>\n<p><span style=\"font-weight: 400;\">Verwendung der erfassten personenbezogenen Daten<\/span><\/p>\n<p><span style=\"font-weight: 400;\">Beim Surfen auf der Website, beim Senden von Formularen oder beim Bestellen werden unvermeidlich personenbezogene Daten erfasst.<\/span><\/p>\n<p><span style=\"font-weight: 400;\">Hier erl\u00e4utern wir ausf\u00fchrlich, welche Daten wir erfassen und an wen wir sie in bestimmten F\u00e4llen \u00fcbermitteln. Website-Statistik und Analyse des Datenverkehrs<\/span><\/p>\n<p><span style=\"font-weight: 400;\">Wir nutzen die Dienste von Drittanbietern, die Cookies verwenden, um Sie zu identifizieren. Dies dient insbesondere dazu, die Navigation auf unserer Website zu verbessern und unsere Benutzer besser zu verstehen. Sie k\u00f6nnen diese Statistiken deaktivieren, indem Sie in Ihrem Browser eine spezielle Erweiterung verwenden (zum Beispiel  <\/span><a href=\"https:\/\/www.ghostery.com\/\"><span style=\"font-weight: 400;\">Ghostery),<\/span><\/a><span style=\"font-weight: 400;\"> um nicht verfolgt zu werden.<\/span><\/p>\n<p><span style=\"font-weight: 400;\">Der erste Dienst ist <\/span><a href=\"https:\/\/analytics.google.com\/analytics\/web\/\"><span style=\"font-weight: 400;\">Google Analytics.<\/span><\/a><span style=\"font-weight: 400;\">Damit k\u00f6nnen wir die Seitenaufrufe z\u00e4hlen und das Verhalten der Benutzer auf unserer Website beobachten. Im Hilfecenter  <\/span><a href=\"https:\/\/support.google.com\/analytics\/answer\/6318039?hl=fr\"><span style=\"font-weight: 400;\">von Google finden Sie<\/span><\/a><span style=\"font-weight: 400;\"> die erfassten Daten im Detail.<\/span><\/p>\n<p><span style=\"font-weight: 400;\">Es ist m\u00f6glich, dass wir die folgenden <\/span><a href=\"https:\/\/facebook.com\/\"><span style=\"font-weight: 400;\">Facebook-Tools<\/span><\/a><span style=\"font-weight: 400;\"> aktiviert haben:<\/span><\/p>\n<ul>\n<li style=\"font-weight: 400;\"><span style=\"font-weight: 400;\">Customer Chat: Das ist der Messaging-Dienst, den Sie als Button unten rechts auf der Website sehen. Durch diesen Drittanbieterdienst k\u00f6nnen wir mit unseren Benutzern bequem kommunizieren, um sie beim Surfen zu unterst\u00fctzen.<\/span><\/li>\n<li style=\"font-weight: 400;\"><span style=\"font-weight: 400;\">Facebook-Pixel: Das ist ein Cookie (erg\u00e4nzend zu <\/span><a href=\"https:\/\/analytics.google.com\/analytics\/web\/\"><span style=\"font-weight: 400;\">Google Analytics verkn\u00fcpft.<\/span><\/a><span style=\"font-weight: 400;\"> mit dem wir gegebenenfalls Werbund auf Facebook schalten k\u00f6nnen, nachdem Sie unsere Website besucht haben.<\/span><\/li>\n<\/ul>\n<p><span style=\"font-weight: 400;\">Diese Tools erfassen \u00fcber die Cookie-Verwaltung Ihr Facebook-Profil. Die Daten werden direkt \u00fcber Facebook gespeichert und verarbeitet und nicht \u00fcber unsere Website geleitet.<\/span><\/p>\n<h3><strong>Regelung Ihrer Zustimmung:<\/strong><\/h3>\n<p><span style=\"font-weight: 400;\">Wenn Sie ein Kontaktformular ausf\u00fcllen, werden die eingegebenen Daten automatisch in unserer Datenbank gespeichert und Ihre Anfrage wird per E-Mail an unser <a href=\"https:\/\/www.gravityforms.com\/\">Gravity-Form<\/a>-Team \u00fcbermittelt. Wir verwenden das Plug-in  <\/span> <span style=\"font-weight: 400;\"> und es ist ebenfalls mit <\/span><a href=\"https:\/\/analytics.google.com\/analytics\/web\/\"><span style=\"font-weight: 400;\">Google Analytics verkn\u00fcpft.<\/span><\/a><span style=\"font-weight: 400;\">.<\/span><\/p>\n<p><span style=\"font-weight: 400;\">Bestellungen, wenn Ihr E-Commerce-Tool aktiviert ist<\/span><\/p>\n<p><span style=\"font-weight: 400;\">Wenn unsere Website eine E-Commerce-Option bietet, so speichern wir alle Informationen \u00fcber die Lieferung, Rechnungsstellung sowie alle Einzelheiten zu den Bestellungen. Wir speichern jedoch nicht die Nummern Ihrer Bankkarten. Zahlungen werden sicher und extern \u00fcber einen Zahlungsdienstleister abgewickelt.<\/span><\/p>\n<p><span style=\"font-weight: 400;\">Zu Ihrer Information \u2013 unser E-Commerce-System kann Ihre personenbezogenen Daten f\u00fcr folgende Zeitr\u00e4ume speichern:<\/span><\/p>\n<ul>\n<li style=\"font-weight: 400;\"><span style=\"font-weight: 400;\">Speicherung inaktiver Konten: 1 Jahr<\/span><\/li>\n<li style=\"font-weight: 400;\"><span style=\"font-weight: 400;\">Speicherung offener Bestellungen: 1 Jahr<\/span><\/li>\n<li style=\"font-weight: 400;\"><span style=\"font-weight: 400;\">Speicherung fehlgeschlagener Bestellungen: 1 Jahr<\/span><\/li>\n<li style=\"font-weight: 400;\"><span style=\"font-weight: 400;\">Speicherung stornierter Bestellungen: 1 Jahr<\/span><\/li>\n<li style=\"font-weight: 400;\"><span style=\"font-weight: 400;\">Speicherung abgeschlossener Bestellungen: 1 Jahr. Bei Produkten zum Downloaden obliegt es Ihnen, diese Produkte vor der automatischen L\u00f6schung an einem sicheren Ort zu speichern.<\/span><\/li>\n<\/ul>\n<div> <\/div>\n<div>\n<h4><strong>Extraktion und L\u00f6schung von Daten:<\/strong><\/h4>\n<br>\t\t<form action=\"https:\/\/pro.thiriez-literie.com\/wp-admin\/admin-ajax.php\" method=\"post\" id=\"gdrf-form\">\n\t\t\t<input type=\"hidden\" name=\"action\" value=\"gdrf_data_request\" \/>\n\t\t\t<input type=\"hidden\" name=\"gdrf_data_human_key\" id=\"gdrf_data_human_key\" value=\"60002\" \/>\n\t\t\t<input type=\"hidden\" name=\"gdrf_data_nonce\" id=\"gdrf_data_nonce\" value=\"d0fc3689e1\" \/>\n\n\t\t\t\t\t<div class=\"gdrf-field gdrf-field-action\" role=\"radiogroup\" aria-labelledby=\"gdrf-radio-label\">\n\t\t\t\t<p id=\"gdrf-radio-label\">\n\t\t\t\t\tW\u00e4hle eine Anfrage aus:\t\t\t\t<\/p>\n\n\t\t\t\t<input id=\"gdrf-data-type-export\" class=\"gdrf-data-type-input\" type=\"radio\" name=\"gdrf_data_type\" value=\"export_personal_data\" \/>\n\t\t\t\t<label for=\"gdrf-data-type-export\" class=\"gdrf-data-type-label\">\n\t\t\t\t\tPersonenbezogene Daten exportieren\t\t\t\t<\/label>\n\t\t\t\t<br \/>\n\t\t\t\t<input id=\"gdrf-data-type-remove\" class=\"gdrf-data-type-input\" type=\"radio\" name=\"gdrf_data_type\" value=\"remove_personal_data\" \/>\n\t\t\t\t<label for=\"gdrf-data-type-remove\" class=\"gdrf-data-type-label\">\n\t\t\t\t\tPersonenbezogene Daten l\u00f6schen\t\t\t\t<\/label>\n\t\t\t<\/div>\n\t\t\n\t\t\t<p class=\"gdrf-field gdrf-field-email\">\n\t\t\t\t<label for=\"gdrf_data_email\">\n\t\t\t\t\tDeine E-Mail-Adresse (erforderlich)\t\t\t\t<\/label>\n\t\t\t\t<input type=\"email\" id=\"gdrf_data_email\" name=\"gdrf_data_email\" required \/>\n\t\t\t<\/p>\n\n\t\t\t<p class=\"gdrf-field gdrf-field-human\">\n\t\t\t\t<label for=\"gdrf_data_human\">\n\t\t\t\t\tHuman verification (required):\t\t\t\t\t6\u00a0+\u00a02\u00a0=\u00a0?\t\t\t\t<\/label>\n\t\t\t\t<input type=\"text\" id=\"gdrf_data_human\" name=\"gdrf_data_human\" required \/>\n\t\t\t<\/p>\n\n\t\t\t<p class=\"gdrf-field gdrf-field-submit\">\n\t\t\t\t<input id=\"gdrf-submit-button\" type=\"submit\" class=\"wp-element-button\" value=\"Send Request\" \/>\n\t\t\t<\/p>\n\t\t<\/form>\n\t\t<\/div>\n<h4> <\/h4>\n<h4><strong>Kommentare <\/strong><\/h4>\n<p><span style=\"font-weight: 400;\">Alle Kommentare auf der Website (Blog, Seite, Produkte) wurden deaktiviert. Wir erfassen diesbez\u00fcglich also keine Daten.<\/span><\/p>\n<h4><strong>Medien<\/strong><\/h4>\n<p><span style=\"font-weight: 400;\">Wenn Sie ein registrierter Benutzer sind und Bilder auf die Website hochladen (Profilfoto, Screenshot, PDF-Datei usw.).<\/span><\/p>\n<h4><strong>Auf anderen Websites eingebetteter Inhalt<\/strong><\/h4>\n<p><span style=\"font-weight: 400;\">Die Artikel auf dieser Website k\u00f6nnen eingebettete Inhalte enthalten (zum Beispiel Videos, Bilder, Artikel usw.). Inhalte, die von anderen Websites eingebettet werden, verhalten sich, als w\u00fcrde der Besucher diese andere Website aufrufen.<\/span><\/p>\n<p><span style=\"font-weight: 400;\">Diese Websites k\u00f6nnen Daten \u00fcber Sie erfassen, Cookies nutzen, Trackingtools von Drittanbietern einbetten und Ihre Interaktion mit diesen eingebetteten Inhalten verfolgen, sofern Sie mit einem Konto auf deren Website angemeldet sind.<\/span><\/p>\n<h3><strong>Kontaktinformationen<\/strong><\/h3>\n<p><span style=\"font-weight: 400;\">Gem\u00e4\u00df der Datenschutz-Grundverordnung vom 25. Mai 2018 haben Sie bez\u00fcglich Ihrer personenbezogenen Daten das Recht auf Auskunft, Berichtigung und L\u00f6schung. F\u00fcr Anfragen zur Verwendung Ihrer personenbezogenen Daten nutzen Sie bitte das untenstehende Formular.<\/span><\/p>\n<p><span style=\"font-weight: 400;\">Ihre Rechte bez\u00fcglich Ihrer Daten<\/span><\/p>\n<p><span style=\"font-weight: 400;\">Wenn Sie auf unserer Website ein Konto haben, k\u00f6nnen Sie verlangen, dass wir Ihnen eine Datei senden, in der alle bei uns \u00fcber Sie gespeicherten Daten enthalten sind \u2013 auch die Daten, die Sie uns \u00fcbermittelt haben. Sie k\u00f6nnen au\u00dferdem die L\u00f6schung Ihrer personenbezogenen Daten verlangen. Dies gilt jedoch nicht f\u00fcr Daten, die zu administrativen und rechtlichen Zwecken oder aus Sicherheitsgr\u00fcnden gespeichert werden.<\/span><\/p>\n<p><span style=\"font-weight: 400;\">Drittanbieterdienste, an die wir Daten \u00fcbermitteln<\/span><\/p>\n<ul>\n<li style=\"font-weight: 400;\"><span style=\"font-weight: 400;\">Google Analytics (Statistiken zum Datenverkehr)<\/span><\/li>\n<li style=\"font-weight: 400;\"><span style=\"font-weight: 400;\">Google Ads (Onlinewerbung)<\/span><\/li>\n<li style=\"font-weight: 400;\"><span style=\"font-weight: 400;\">Facebook Ads (Onlinewerbung)<\/span><\/li>\n<li style=\"font-weight: 400;\"><span style=\"font-weight: 400;\">Facebook Customer Chat (Kundenservice)<\/span><\/li>\n<li style=\"font-weight: 400;\"><span style=\"font-weight: 400;\">OVH (Server)<\/span><\/li>\n<li style=\"font-weight: 400;\"><span style=\"font-weight: 400;\">Transportunternehmen, die ggf. auf der Website angeboten werden (Lieferdienst)<\/span><\/li>\n<\/ul>\n<p><\/p>\t\t\t\t\t\t\t\t<\/div>\n\t\t\t\t<\/div>\n\t\t\t\t\t<\/div>\n\t\t<\/div>\n\t\t\t\t\t<\/div>\n\t\t<\/section>\n\t\t\t\t<\/div>\n\t\t","protected":false},"excerpt":{"rendered":"<p>Datenschutzrichtlinie Impressum Willkommen zu unserer Datenschutzrichtlinie! Der Schutz Ihrer personenbezogenen Daten ist uns wichtig. ist eine zentrale Herausforderung. Bestimmte Daten werden an Drittdienste weitergegeben, damit wir die Benutzerfreundlichkeit unserer Website verbessern und miteinander in Kontakt bleiben k\u00f6nnen. Wer sind wir? Sie k\u00f6nnen unser Impressum auf unserer Website einsehen, indem Sie hier klicken. Verwendung der erfassten [&hellip;]<\/p>\n","protected":false},"author":1,"featured_media":0,"parent":0,"menu_order":0,"comment_status":"closed","ping_status":"closed","template":"","meta":{"_acf_changed":false,"_seopress_robots_primary_cat":"","_seopress_titles_title":"","_seopress_titles_desc":"","_seopress_robots_index":"","footnotes":""},"class_list":["post-4809","page","type-page","status-publish","hentry"],"acf":[],"_links":{"self":[{"href":"https:\/\/pro.thiriez-literie.com\/de\/wp-json\/wp\/v2\/pages\/4809","targetHints":{"allow":["GET"]}}],"collection":[{"href":"https:\/\/pro.thiriez-literie.com\/de\/wp-json\/wp\/v2\/pages"}],"about":[{"href":"https:\/\/pro.thiriez-literie.com\/de\/wp-json\/wp\/v2\/types\/page"}],"author":[{"embeddable":true,"href":"https:\/\/pro.thiriez-literie.com\/de\/wp-json\/wp\/v2\/users\/1"}],"replies":[{"embeddable":true,"href":"https:\/\/pro.thiriez-literie.com\/de\/wp-json\/wp\/v2\/comments?post=4809"}],"version-history":[{"count":3,"href":"https:\/\/pro.thiriez-literie.com\/de\/wp-json\/wp\/v2\/pages\/4809\/revisions"}],"predecessor-version":[{"id":4812,"href":"https:\/\/pro.thiriez-literie.com\/de\/wp-json\/wp\/v2\/pages\/4809\/revisions\/4812"}],"wp:attachment":[{"href":"https:\/\/pro.thiriez-literie.com\/de\/wp-json\/wp\/v2\/media?parent=4809"}],"curies":[{"name":"wp","href":"https:\/\/api.w.org\/{rel}","templated":true}]}}